{"id":319,"date":"2019-07-20T09:42:09","date_gmt":"2019-07-20T07:42:09","guid":{"rendered":"http:\/\/www.centralehotel.com\/?page_id=319"},"modified":"2025-10-18T13:17:01","modified_gmt":"2025-10-18T11:17:01","slug":"preise","status":"publish","type":"page","link":"https:\/\/www.centralehotel.com\/de\/preise","title":{"rendered":"Preise"},"content":{"rendered":"<div class=\"fusion-fullwidth fullwidth-box fusion-builder-row-1 nonhundred-percent-fullwidth non-hundred-percent-height-scrolling\" style=\"--awb-border-radius-top-left:0px;--awb-border-radius-top-right:0px;--awb-border-radius-bottom-right:0px;--awb-border-radius-bottom-left:0px;--awb-flex-wrap:wrap;\" ><div class=\"fusion-builder-row fusion-row\"><div class=\"fusion-layout-column fusion_builder_column fusion-builder-column-0 fusion_builder_column_1_2 1_2 fusion-one-half fusion-column-first\" style=\"--awb-bg-size:cover;width:50%;width:calc(50% - ( ( 4% ) * 0.5 ) );margin-right: 4%;\"><div class=\"fusion-column-wrapper fusion-column-has-shadow fusion-flex-column-wrapper-legacy\"><div class=\"fusion-text fusion-text-1\" style=\"--awb-text-transform:none;\"><h3 class=\"align-center\" style=\"text-align: center;\"><span style=\"color: #bf410b;\"><strong><span lang=\"DE\">WINTERPREISE 2025\/26<\/span><\/strong><\/span><\/h3>\n<p><span style=\"color: #000000;\">Die angegebenen Preise verstehen sich pro Person<\/span> und Tag. Geb\u00fchren inbegriffen (Gemeindeaufenthaltsabgabe ausgeschlossen*).<\/p>\n<table width=\"100%\" rules=\"all\" cellspacing=\"0\" cellpadding=\"0\">\n<tbody>\n<tr>\n<td class=\"align-center\" style=\"text-align: center;\"><span style=\"color: #bf410b;\"><strong>WINTER 2025\/26<\/strong><\/span><\/td>\n<td class=\"align-center\" style=\"text-align: center;\"><span style=\"color: #bf410b;\"><b>Standard<\/b><\/span><\/td>\n<td class=\"align-center\" style=\"text-align: center;\"><span style=\"color: #bf410b;\"><b>Comfort<\/b><\/span><\/td>\n<td class=\"align-center\" style=\"text-align: center;\"><span style=\"color: #bf410b;\"><b>\u00a0Suite<\/b><\/span><\/td>\n<td class=\"align-center\" style=\"text-align: center;\"><span style=\"color: #bf410b;\"><b>Einzelzi.<\/b><\/span><\/td>\n<\/tr>\n<tr>\n<td class=\"align-center\" style=\"text-align: center;\"><b>HP ab<\/b><\/td>\n<td class=\"align-center\" style=\"text-align: center;\">ab \u20ac<b> 123<\/b><\/td>\n<td class=\"align-center\" style=\"text-align: center;\">ab \u20ac<b> 131<\/b><\/td>\n<td class=\"align-center\" style=\"text-align: center;\">ab \u20ac<b> 138<\/b><\/td>\n<td class=\"align-center\" style=\"text-align: center;\">ab \u20ac<strong> 138<\/strong><\/td>\n<\/tr>\n<tr>\n<td class=\"align-center\" style=\"text-align: center;\"><b>B&amp;B ab<\/b><\/td>\n<td class=\"align-center\" style=\"text-align: center;\">ab \u20ac<b> 103<\/b><\/td>\n<td class=\"align-center\" style=\"text-align: center;\">ab \u20ac<b> 111<\/b><\/td>\n<td class=\"align-center\" style=\"text-align: center;\">ab \u20ac<b> 118<\/b><\/td>\n<td class=\"align-center\" style=\"text-align: center;\">ab \u20ac<strong> 118<\/strong><\/td>\n<\/tr>\n<\/tbody>\n<\/table>\n<p class=\"align-left\">HP=Halbpension\u00a0\u00a0 B&amp;B=nur Fr\u00fchst\u00fcck<br \/>\n.<br \/>\n* F\u00fcr alle Personen ab 14 Jahren wird eine Gemeindeaufenthaltsabgabe in H\u00f6he von \u20ac 3,00 pro Person und Nacht eingehoben. Diese Abgabe ist nicht im Gesamtpreis Ihres Aufenthalts enthalten und kann nur vor Ort bezahlt werden.<\/p>\n<p class=\"align-left\">Alle SUITE mit Balkon nach S\u00fcden mit herrlichem Blick auf die Sellagruppe<\/p>\n<p class=\"align-left\">Tiefgarage \u20ac 10,00.- pro Tag<\/p>\n<p class=\"align-left\">IM HOTELPREIS INBEGRIFFEN<b>:<\/b><br \/>\n\u2022 Fr\u00fchst\u00fccksbuffet, Abendessen nach Men\u00fcwahl und Salatbuffet<br \/>\n\u2022 Ben\u00fctzung des Wellnesbereichs und des Fitnessraumes<br \/>\n\u2022 Parkplatz<br \/>\n\u2022 Zimmer mit Wireless-Internetverbindung<\/p>\n<p class=\"align-left\">Idealer Ausgangspunkt f\u00fcr Skifahrer, da man mit angelegten Skiern vom Hotel starten und ankommen kann.<\/p>\n<p class=\"align-left\">Nahegelegene Bushaltestelle<\/p>\n<p class=\"align-left\">BAR und eigene KONDITOREI<\/p>\n<p class=\"align-left\">Grosse panoramische Sonnenterrasse<\/p>\n<p id=\"c414\" class=\"csc-default\">Erm\u00e4ssigung auf Zustellbetten<b>:<\/b>\u00a0 -20%<br \/>\nErm\u00e4ssigung f\u00fcr Kinder in Zustellbetten<b>:<\/b><br \/>\n&#8211; bis zu 2,99 Jahren Pauschalpreis<br \/>\n&#8211; von 3 bis 5,99 Jahren\u00a0 -50%<br \/>\n&#8211; von 6 bis 11,99 Jahren\u00a0 -40%<\/p>\n<p>Buchungen verstehen sich erst durch eine Anzahlung (Angeld zur Best\u00e4tigung) von \u20ac 200,00 pro Person als g\u00fcltig, die Sie mittels:<br \/>\n\u2022 Bank\u00fcberweisung an:<br \/>\nHOTEL CENTRALE SNC<br \/>\nIBAN: IT 86 L 08010 58341 000301004191<br \/>\nBIC: RZS BIT 21108<br \/>\nRAIFFEISENKASSE GADERTAL<br \/>\n\u00fcbersenden k\u00f6nnen.<\/p>\n<p>Bei Stornierung des Zimmers wird das Angeld nicht zur\u00fcckerstattet.<\/p>\n<p>Unverzehrte Mahlzeiten werden nicht abgezogen.<\/p>\n<p>F\u00fcr die Begleichung der Rechnung werden Barzahlungen (bis \u20ac 4.999,99), EC-Karten, Kreditkarten (nicht American Express und Diners) angenommen.<\/p>\n<p>Bei vorzeitiger Abreise oder versp\u00e4teter Anreise wird der Pensionspreis minus 25% verrechnet.<\/p>\n<p>Am Anreisetag sind die Zimmer ab 15:00 Uhr beziehbar und bitten Sie sie bis sp\u00e4testens 10:00 Uhr des Abreisetages zu r\u00e4umen.<\/p>\n<p>Datenschutzgesetz vom 30.06.2003 nr. 196: Im Sinne des Art. 13 informieren wir Sie, dass Ihre E-Mail Adresse von uns nur f\u00fcr Handelsmitteilungen oder Angebote ben\u00fctzt wird. Sie k\u00f6nnen zu jeder Zeit L\u00f6schungen Ihrer Daten, gem. Art. 7 anfordern.<\/p>\n<\/div><div class=\"fusion-clearfix\"><\/div><\/div><\/div><div class=\"fusion-layout-column fusion_builder_column fusion-builder-column-1 fusion_builder_column_1_2 1_2 fusion-one-half fusion-column-last\" style=\"--awb-bg-size:cover;width:50%;width:calc(50% - ( ( 4% ) * 0.5 ) );\"><div class=\"fusion-column-wrapper fusion-column-has-shadow fusion-flex-column-wrapper-legacy\"><div class=\"fusion-text fusion-text-2\" style=\"--awb-text-transform:none;\"><p><strong><img decoding=\"async\" class=\"wp-image-1369 alignleft\" src=\"https:\/\/www.centralehotel.com\/wp-content\/uploads\/2023\/10\/Dolomiti-Superpremiere.jpg\" alt=\"\" width=\"49\" height=\"49\" srcset=\"https:\/\/www.centralehotel.com\/wp-content\/uploads\/2023\/10\/Dolomiti-Superpremiere-66x66.jpg 66w, https:\/\/www.centralehotel.com\/wp-content\/uploads\/2023\/10\/Dolomiti-Superpremiere-150x150.jpg 150w, https:\/\/www.centralehotel.com\/wp-content\/uploads\/2023\/10\/Dolomiti-Superpremiere-200x200.jpg 200w, https:\/\/www.centralehotel.com\/wp-content\/uploads\/2023\/10\/Dolomiti-Superpremiere.jpg 250w\" sizes=\"(max-width: 49px) 100vw, 49px\" \/><\/strong><\/p>\n<h3>Dolomiti Superpremi\u00e8re<\/h3>\n<p><strong><br \/>\nDer erste Schnee. <\/strong><strong>Ski Start Angebot, 4 Tage Ski zum Preis von 3<br \/>\n<\/strong><strong>Bis 20.12.2025 <\/strong>erhalten Sie<strong>, <\/strong>bei einem Mindestaufenthalt von 4 \u00dcbernachtungen<strong>, einen Skitag geschenkt. <\/strong>Bei einer achtt\u00e4gigen \u00dcbernachtung bekommen Sie <strong>2 Tage auf den Skiern geschenkt<\/strong>.<\/p>\n<div class=\"cmsImage cmsMargin\">\n<div class=\"cmsImage cmsMargin\">\n<p><strong>Es gelten folgende Verg\u00fcnstigungen:<\/strong><br \/>\n* Unterkunft: 4 \u00dcbernachtungen zum Preis von 3 (8 Tage zum Preis von 6)<br \/>\n* Skipass: 4 Tage zum Preis von 3 (8 Tage zum Preis von 6)<br \/>\n* Skischulen und Skiausr\u00fcstung zu Sonderpreisen.<\/p>\n<p class=\"cmsText cmsMargin\"><strong>Bedingungen:<br \/>\n<\/strong>&#8211; Letzer Tag f\u00fcr den Skipassankauf: 17.12.2025<br \/>\n&#8211; Letzter g\u00fcltiger Skitag: 20.12.2025<\/p>\n<p>F\u00fcr den Erhalt der Verg\u00fcnstigungen bei Skipass, Skiverleih und Skiunterricht bitte den entsprechenden Gutschein der Aktion vorzeigen (fordern Sie diesen im Hotel an).<br \/>\nDer Preisvorteil des Sonderangebotes gilt nicht in Kombination mit anderen Angeboten.<\/p>\n<\/div>\n<\/div>\n<h3><\/h3>\n<h3><img decoding=\"async\" class=\"wp-image-1365 alignleft\" src=\"https:\/\/www.centralehotel.com\/wp-content\/uploads\/2023\/10\/Dolomiti-Super-Sun.jpg\" alt=\"\" width=\"49\" height=\"49\" srcset=\"https:\/\/www.centralehotel.com\/wp-content\/uploads\/2023\/10\/Dolomiti-Super-Sun-66x66.jpg 66w, https:\/\/www.centralehotel.com\/wp-content\/uploads\/2023\/10\/Dolomiti-Super-Sun-150x150.jpg 150w, https:\/\/www.centralehotel.com\/wp-content\/uploads\/2023\/10\/Dolomiti-Super-Sun-200x200.jpg 200w, https:\/\/www.centralehotel.com\/wp-content\/uploads\/2023\/10\/Dolomiti-Super-Sun.jpg 250w\" sizes=\"(max-width: 49px) 100vw, 49px\" \/><\/h3>\n<h3>Dolomiti Spring Days L (longstay)<\/h3>\n<p class=\"cms cmsMargin\"><strong><br \/>\nSki, Sonne, Sensationspreise.<br \/>\n<\/strong><strong>Vom 15.03.2026 bis 21.03.2026 (Abreise)<\/strong> erhalten Sie, bei einem Mindestaufenthalt von 7 \u00dcbernachtungen, <strong>einen Skitag geschenkt.<\/strong><\/p>\n<p><strong>Es gelten folgende Verg\u00fcnstigungen:<br \/>\n<\/strong>* Aufenthalt: 7 \u00dcbernachtungen zum Preis von 6<br \/>\n* Skipass: 6 Tage Skipass zum Preis von 5<br \/>\n* Skischule und Verleih der Ausr\u00fcstung zu Sonderpreisen<\/p>\n<p><strong>Bedingungen:<\/strong><br \/>\n&#8211; Erster g\u00fcltiger Aufenthalt (\u00dcbernachtung) 14.03.2026 f\u00fcr mindestens 7 Tage<br \/>\n&#8211; Erster g\u00fcltiger Skitag (Skipass) ab 15.03.2026 f\u00fcr mindestens 6 Tage<\/p>\n<p>F\u00fcr den Erhalt der Verg\u00fcnstigungen bei Skipass, Skiverleih und Skiunterricht bitte den Gutschein vorzeigen (fordern Sie diesen im Hotel an).<strong><br \/>\n<\/strong>Der Preisvorteil des Sonderangebotes gilt nicht in Kombination mit anderen Angeboten.<\/p>\n<h3><\/h3>\n<h3><img decoding=\"async\" class=\"wp-image-1365 alignleft\" src=\"https:\/\/www.centralehotel.com\/wp-content\/uploads\/2023\/10\/Dolomiti-Super-Sun.jpg\" alt=\"\" width=\"49\" height=\"49\" srcset=\"https:\/\/www.centralehotel.com\/wp-content\/uploads\/2023\/10\/Dolomiti-Super-Sun-66x66.jpg 66w, https:\/\/www.centralehotel.com\/wp-content\/uploads\/2023\/10\/Dolomiti-Super-Sun-150x150.jpg 150w, https:\/\/www.centralehotel.com\/wp-content\/uploads\/2023\/10\/Dolomiti-Super-Sun-200x200.jpg 200w, https:\/\/www.centralehotel.com\/wp-content\/uploads\/2023\/10\/Dolomiti-Super-Sun.jpg 250w\" sizes=\"(max-width: 49px) 100vw, 49px\" \/><\/h3>\n<h3>Dolomiti Spring Days S (shortstay)<\/h3>\n<p class=\"cms cmsMargin\"><strong><br \/>\nSki, Sonne, Sensationspreise.<br \/>\n<\/strong><strong>Vom 21.03.2026 bis 06.04.2026 (Abreise)<\/strong> erhalten Sie, bei einem Mindestaufenthalt von 4 \u00dcbernachtungen<strong>, einen Skitag geschenkt. <\/strong>Bei einer achtt\u00e4gigen \u00dcbernachtung bekommen Sie <strong>2 Tage auf den Skiern geschenkt<\/strong>.<\/p>\n<div class=\"cmsImage cmsMargin\">\n<div class=\"cmsImage cmsMargin\">\n<p><strong>Es gelten folgende Verg\u00fcnstigungen:<\/strong><br \/>\n* Unterkunft: 4 \u00dcbernachtungen zum Preis von 3 (8 Tage zum Preis von 6)<br \/>\n* Skipass: 4 Tage zum Preis von 3 (8 Tage zum Preis von 6)<br \/>\n* Skischulen und Skiausr\u00fcstung zu Sonderpreisen.<\/p>\n<\/div>\n<\/div>\n<p><strong>Bedingungen:<\/strong><br \/>\n&#8211; Erster g\u00fcltiger Aufenthalt (\u00dcbernachtung) 21.03.2026 f\u00fcr mindestens 4 Tage<br \/>\n&#8211; Erster g\u00fcltiger Skitag (Skipass) ab 22.03.2026 f\u00fcr mindestens 4 Tage<\/p>\n<p>F\u00fcr den Erhalt der Verg\u00fcnstigungen bei Skipass, Skiverleih und Skiunterricht bitte den Gutschein vorzeigen (fordern Sie diesen im Hotel an).<strong><br \/>\n<\/strong>Der Preisvorteil des Sonderangebotes gilt nicht in Kombination mit anderen Angeboten.<\/p>\n<h3><\/h3>\n<\/div><div class=\"fusion-clearfix\"><\/div><\/div><\/div><div class=\"fusion-layout-column fusion_builder_column fusion-builder-column-2 fusion_builder_column_1_1 1_1 fusion-one-full fusion-column-first fusion-column-last\" style=\"--awb-bg-size:cover;\"><div class=\"fusion-column-wrapper fusion-column-has-shadow fusion-flex-column-wrapper-legacy\"><div class=\"fusion-sep-clear\"><\/div><div class=\"fusion-separator fusion-full-width-sep\" style=\"margin-left: auto;margin-right: auto;margin-bottom:20px;width:100%;\"><div class=\"fusion-separator-border sep-shadow\" style=\"--awb-height:20px;--awb-amount:20px;background:radial-gradient(ellipse at 50% -50% , #e0dede 0px, rgba(255, 255, 255, 0) 80%) repeat scroll 0 0 rgba(0, 0, 0, 0);background:-webkit-radial-gradient(ellipse at 50% -50% , #e0dede 0px, rgba(255, 255, 255, 0) 80%) repeat scroll 0 0 rgba(0, 0, 0, 0);background:-moz-radial-gradient(ellipse at 50% -50% , #e0dede 0px, rgba(255, 255, 255, 0) 80%) repeat scroll 0 0 rgba(0, 0, 0, 0);background:-o-radial-gradient(ellipse at 50% -50% , #e0dede 0px, rgba(255, 255, 255, 0) 80%) repeat scroll 0 0 rgba(0, 0, 0, 0);\"><\/div><\/div><div class=\"fusion-sep-clear\"><\/div><div class=\"fusion-clearfix\"><\/div><\/div><\/div><div class=\"fusion-layout-column fusion_builder_column fusion-builder-column-3 fusion_builder_column_1_2 1_2 fusion-one-half fusion-column-first\" style=\"--awb-bg-size:cover;width:50%;width:calc(50% - ( ( 4% ) * 0.5 ) );margin-right: 4%;\"><div class=\"fusion-column-wrapper fusion-column-has-shadow fusion-flex-column-wrapper-legacy\"><div class=\"fusion-text fusion-text-3\" style=\"--awb-text-transform:none;\"><h3 id=\"c501\" class=\"csc-default\" style=\"text-align: center;\"><span lang=\"DE\">SOMMERPREISE 2025<\/span><\/h3>\n<p class=\"align-justify\">Die angegebenen Preise verstehen sich pro Person und Tag. Geb\u00fchren inbegriffen (Gemeindeaufenthaltsabgabe ausgeschlossen*).<\/p>\n<table width=\"100%\" rules=\"all\" cellspacing=\"0\" cellpadding=\"0\">\n<tbody>\n<tr>\n<td class=\"align-center\" style=\"text-align: center;\"><span style=\"color: #bf410b;\"><strong>SOMMER 2025<\/strong><\/span><\/td>\n<td class=\"align-center\" style=\"text-align: center;\"><span style=\"color: #bf410b;\"><b>Standard<\/b><\/span><\/td>\n<td class=\"align-center\" style=\"text-align: center;\"><span style=\"color: #bf410b;\"><b>Comfort<\/b><\/span><\/td>\n<td class=\"align-center\" style=\"text-align: center;\"><span style=\"color: #bf410b;\"><b>\u00a0Suite<br \/>\n<\/b><\/span><\/td>\n<td class=\"align-center\" style=\"text-align: center;\"><span style=\"color: #bf410b;\"><b>Einzelzi.<\/b><\/span><\/td>\n<\/tr>\n<tr>\n<td class=\"align-center\" style=\"text-align: center;\"><b>HP<\/b><\/td>\n<td class=\"align-center\" style=\"text-align: center;\">ab \u20ac<b> 75<br \/>\n<\/b><\/td>\n<td class=\"align-center\" style=\"text-align: center;\">ab \u20ac<b> 81<\/b><\/td>\n<td class=\"align-center\" style=\"text-align: center;\">ab \u20ac<b> 85<\/b><\/td>\n<td class=\"align-center\" style=\"text-align: center;\">ab \u20ac<strong> 87<\/strong><\/td>\n<\/tr>\n<tr>\n<td class=\"align-center\" style=\"text-align: center;\"><b>B&amp;B<\/b><\/td>\n<td class=\"align-center\" style=\"text-align: center;\">ab \u20ac<b> 55<br \/>\n<\/b><\/td>\n<td class=\"align-center\" style=\"text-align: center;\">ab \u20ac<b> 61<\/b><\/td>\n<td class=\"align-center\" style=\"text-align: center;\">ab \u20ac<b> 65<\/b><\/td>\n<td class=\"align-center\" style=\"text-align: center;\">ab \u20ac<strong> 67<\/strong><\/td>\n<\/tr>\n<\/tbody>\n<\/table>\n<p class=\"align-left\">HP = Halbpension\u00a0\u00a0\u00a0 B&amp;B = nur Fr\u00fchst\u00fcck<br \/>\n.<br \/>\n* F\u00fcr alle Personen ab 14 Jahren wird eine Gemeindeaufenthaltsabgabe in H\u00f6he von 3,00 \u20ac pro Person und Nacht eingehoben. Diese Abgabe ist nicht im Gesamtpreis Ihres Aufenthalts enthalten und kann nur vor Ort bezahlt werden.<\/p>\n<p class=\"align-left indent\">Alle SUITE mit Balkon nach S\u00fcden mit herrlichem Blick auf die Sellagruppe.<\/p>\n<p class=\"align-left\">Tiefgarage \u20ac 5,00.- pro Tag<\/p>\n<p class=\"align-left\">IM HOTELPREIS INBEGRIFFEN<b>:<\/b><br \/>\n\u2022 Fr\u00fchst\u00fccksbuffet, Abendessen nach Men\u00fcwahl und Salatbuffet<br \/>\n\u2022 Ben\u00fctzung des Wellnesbereichs und des Fitnessraumes (Sonnenlampen gegen Bezahlung)<br \/>\n\u2022 Parkplatz<br \/>\n\u2022 Zimmer mit Wireless-Internetverbindung<\/p>\n<p class=\"align-left\">Nahegelegene Bushaltestelle<\/p>\n<p class=\"align-left\">BAR und eigene KONDITOREI<\/p>\n<p class=\"align-left\">Das RESTAURANT\u00a0ist mittags ge\u00f6ffnet<\/p>\n<p class=\"align-left\">Grosse panoramische Sonnenterrasse<\/p>\n<p class=\"align-left\">Erm\u00e4ssigung auf Zustellbetten<b>:<\/b>\u00a0 -20%<br \/>\nErm\u00e4ssigung f\u00fcr Kinder in Zustellbetten<b>:<\/b><br \/>\n&#8211; bis zu 3 Jahren Pauschalpreis<br \/>\n&#8211; von 3 bis 6 Jahren\u00a0 -50%<br \/>\n&#8211; von 6 bis 12 Jahren\u00a0 -40%<\/p>\n<p>Buchungen verstehen sich erst durch eine Anzahlung (Angeld zur Best\u00e4tigung) von \u20ac 150,00.- pro Person als g\u00fcltig, die Sie mittels:<br \/>\n\u2022 Bank\u00fcberweisung an:<br \/>\nRAIFFEISENKASSE GADERTAL<br \/>\nIBAN: IT 86 L 08010 58341 000301004191<br \/>\nBIC: RZS BIT 21108\u00a0\u00a0\u00a0\u00a0\u00a0\u00a0 \u00fcbersenden k\u00f6nnen.<\/p>\n<p>Bei Stornierung des Zimmers wird das Angeld nicht zur\u00fcckerstattet.<\/p>\n<p>Unverzehrte Mahlzeiten werden nicht abgezogen.<\/p>\n<p>F\u00fcr die Begleichung der Rechnung werden Barzahlungen (bis zu 4.999,99 \u20ac), EC-Karten, Kreditkarten (nicht American Express und Diners) angenommen.<\/p>\n<p>Bei vorzeitiger Abreise oder versp\u00e4teter Anreise wird der Pensionspreis minus 25% verrechnet.<\/p>\n<p>Am Anreisetag sind die Zimmer ab 14:00 Uhr beziehbar und bitten Sie sie bis sp\u00e4testens 10:00 Uhr des Abreisetages zu r\u00e4umen.<\/p>\n<p>Datenschutzgesetz vom 30.06.2003 nr. 196: Im Sinne des Art. 13 informieren wir Sie, dass Ihre E-Mail Adresse von uns nur f\u00fcr Handelsmitteilungen oder Angebote ben\u00fctzt wird.Sie k\u00f6nnen zu jeder Zeit L\u00f6schungen Ihrer Daten, gem. Art. 7 anfordern.<\/p>\n<\/div><div class=\"fusion-clearfix\"><\/div><\/div><\/div><div class=\"fusion-layout-column fusion_builder_column fusion-builder-column-4 fusion_builder_column_1_2 1_2 fusion-one-half fusion-column-last\" style=\"--awb-bg-size:cover;width:50%;width:calc(50% - ( ( 4% ) * 0.5 ) );\"><div class=\"fusion-column-wrapper fusion-column-has-shadow fusion-flex-column-wrapper-legacy\"><div class=\"fusion-video fusion-youtube fusion-aligncenter\" style=\"--awb-max-width:600px;--awb-max-height:360px;--awb-width:100%;\"><div class=\"video-shortcode\"><div class=\"fluid-width-video-wrapper\" style=\"padding-top:60%;\" ><iframe title=\"YouTube video player 1\" src=\"https:\/\/www.youtube.com\/embed\/Ni56qm_dHsI?wmode=transparent&autoplay=0\" width=\"600\" height=\"360\" allowfullscreen allow=\"autoplay; fullscreen\"><\/iframe><\/div><\/div><\/div><div class=\"fusion-clearfix\"><\/div><\/div><\/div><\/div><\/div>\n","protected":false},"excerpt":{"rendered":"","protected":false},"author":1,"featured_media":0,"parent":0,"menu_order":0,"comment_status":"closed","ping_status":"closed","template":"","meta":{"footnotes":""},"_links":{"self":[{"href":"https:\/\/www.centralehotel.com\/de\/wp-json\/wp\/v2\/pages\/319"}],"collection":[{"href":"https:\/\/www.centralehotel.com\/de\/wp-json\/wp\/v2\/pages"}],"about":[{"href":"https:\/\/www.centralehotel.com\/de\/wp-json\/wp\/v2\/types\/page"}],"author":[{"embeddable":true,"href":"https:\/\/www.centralehotel.com\/de\/wp-json\/wp\/v2\/users\/1"}],"replies":[{"embeddable":true,"href":"https:\/\/www.centralehotel.com\/de\/wp-json\/wp\/v2\/comments?post=319"}],"version-history":[{"count":133,"href":"https:\/\/www.centralehotel.com\/de\/wp-json\/wp\/v2\/pages\/319\/revisions"}],"predecessor-version":[{"id":1587,"href":"https:\/\/www.centralehotel.com\/de\/wp-json\/wp\/v2\/pages\/319\/revisions\/1587"}],"wp:attachment":[{"href":"https:\/\/www.centralehotel.com\/de\/wp-json\/wp\/v2\/media?parent=319"}],"curies":[{"name":"wp","href":"https:\/\/api.w.org\/{rel}","templated":true}]}}