{"id":318,"date":"2019-07-20T09:40:48","date_gmt":"2019-07-20T07:40:48","guid":{"rendered":"http:\/\/www.centralehotel.com\/?page_id=318"},"modified":"2025-10-18T13:30:06","modified_gmt":"2025-10-18T11:30:06","slug":"home","status":"publish","type":"page","link":"https:\/\/www.centralehotel.com\/de","title":{"rendered":"Home"},"content":{"rendered":"<p><div class=\"fusion-fullwidth fullwidth-box fusion-builder-row-1 nonhundred-percent-fullwidth non-hundred-percent-height-scrolling\" style=\"--awb-border-radius-top-left:0px;--awb-border-radius-top-right:0px;--awb-border-radius-bottom-right:0px;--awb-border-radius-bottom-left:0px;--awb-flex-wrap:wrap;\" ><div class=\"fusion-builder-row fusion-row\"><div class=\"fusion-layout-column fusion_builder_column fusion-builder-column-0 fusion_builder_column_1_1 1_1 fusion-one-full fusion-column-first fusion-column-last\" style=\"--awb-bg-size:cover;\"><div class=\"fusion-column-wrapper fusion-column-has-shadow fusion-flex-column-wrapper-legacy\"><div class=\"fusion-text fusion-text-1\"><h2 style=\"text-align: center;\"><em>In einer einmaligen Lage befindet sich das Hotel Centrale, mitten im ruhigen Dorf, nur wenige Meter von den sch\u00f6nsten Wanderwegen entfernt.<\/em><\/h2>\n<h2 style=\"text-align: center;\"><em>Idealer Ausgangspunkt f\u00fcr Skifahrer, da man mit angelegten Skiern vom Hotel starten und ankommen kann.<\/em><\/h2>\n<\/div><div class=\"fusion-sep-clear\"><\/div><div class=\"fusion-separator fusion-full-width-sep\" style=\"margin-left: auto;margin-right: auto;margin-top:15px;width:100%;\"><div class=\"fusion-separator-border sep-shadow\" style=\"--awb-height:20px;--awb-amount:20px;background:radial-gradient(ellipse at 50% -50% , #e0dede 0px, rgba(255, 255, 255, 0) 80%) repeat scroll 0 0 rgba(0, 0, 0, 0);background:-webkit-radial-gradient(ellipse at 50% -50% , #e0dede 0px, rgba(255, 255, 255, 0) 80%) repeat scroll 0 0 rgba(0, 0, 0, 0);background:-moz-radial-gradient(ellipse at 50% -50% , #e0dede 0px, rgba(255, 255, 255, 0) 80%) repeat scroll 0 0 rgba(0, 0, 0, 0);background:-o-radial-gradient(ellipse at 50% -50% , #e0dede 0px, rgba(255, 255, 255, 0) 80%) repeat scroll 0 0 rgba(0, 0, 0, 0);\"><\/div><\/div><div class=\"fusion-sep-clear\"><\/div><div class=\"fusion-clearfix\"><\/div><\/div><\/div><\/div><\/div><div class=\"fusion-fullwidth fullwidth-box fusion-builder-row-2 nonhundred-percent-fullwidth non-hundred-percent-height-scrolling fusion-equal-height-columns\" style=\"--awb-border-radius-top-left:0px;--awb-border-radius-top-right:0px;--awb-border-radius-bottom-right:0px;--awb-border-radius-bottom-left:0px;--awb-flex-wrap:wrap;\" ><div class=\"fusion-builder-row fusion-row\"><div class=\"fusion-layout-column fusion_builder_column fusion-builder-column-1 fusion_builder_column_1_4 1_4 fusion-one-fourth fusion-column-first\" style=\"--awb-bg-size:cover;width:25%;width:calc(25% - ( ( 4% + 4% ) * 0.25 ) );margin-right: 4%;\"><div class=\"fusion-column-wrapper fusion-column-has-shadow fusion-flex-column-wrapper-legacy\"><div class=\"fusion-column-content-centered\"><div class=\"fusion-column-content\"><div class=\"fusion-image-element fusion-image-align-center in-legacy-container\" style=\"text-align:center;--awb-caption-title-font-family:var(--h2_typography-font-family);--awb-caption-title-font-weight:var(--h2_typography-font-weight);--awb-caption-title-font-style:var(--h2_typography-font-style);--awb-caption-title-size:var(--h2_typography-font-size);--awb-caption-title-transform:var(--h2_typography-text-transform);--awb-caption-title-line-height:var(--h2_typography-line-height);--awb-caption-title-letter-spacing:var(--h2_typography-letter-spacing);\"><div class=\"imageframe-align-center\"><span class=\" fusion-imageframe imageframe-none imageframe-1 hover-type-zoomin fusion-animated\" data-animationType=\"fadeInDown\" data-animationDuration=\"0.3\" data-animationOffset=\"top-into-view\"><img decoding=\"async\" width=\"1024\" height=\"681\" title=\"Hotel-Centrale-in-1952-1\" src=\"http:\/\/www.centralehotel.com\/wp-content\/uploads\/2019\/06\/Hotel-Centrale-in-1952-1-1024x681.jpg\" alt class=\"img-responsive wp-image-103\" srcset=\"https:\/\/www.centralehotel.com\/wp-content\/uploads\/2019\/06\/Hotel-Centrale-in-1952-1-200x133.jpg 200w, https:\/\/www.centralehotel.com\/wp-content\/uploads\/2019\/06\/Hotel-Centrale-in-1952-1-400x266.jpg 400w, https:\/\/www.centralehotel.com\/wp-content\/uploads\/2019\/06\/Hotel-Centrale-in-1952-1-600x399.jpg 600w, https:\/\/www.centralehotel.com\/wp-content\/uploads\/2019\/06\/Hotel-Centrale-in-1952-1-800x532.jpg 800w, https:\/\/www.centralehotel.com\/wp-content\/uploads\/2019\/06\/Hotel-Centrale-in-1952-1-1200x798.jpg 1200w, https:\/\/www.centralehotel.com\/wp-content\/uploads\/2019\/06\/Hotel-Centrale-in-1952-1.jpg 1920w\" sizes=\"(max-width: 800px) 100vw, 400px\" \/><\/span><\/div><\/div><\/div><\/div><div class=\"fusion-clearfix\"><\/div><\/div><\/div><div class=\"fusion-layout-column fusion_builder_column fusion-builder-column-2 fusion_builder_column_1_2 1_2 fusion-one-half\" style=\"--awb-bg-size:cover;width:50%;width:calc(50% - ( ( 4% + 4% ) * 0.5 ) );margin-right: 4%;\"><div class=\"fusion-column-wrapper fusion-column-has-shadow fusion-flex-column-wrapper-legacy\"><div class=\"fusion-column-content-centered\"><div class=\"fusion-column-content\"><div class=\"fusion-text fusion-text-2\"><h3 class=\"align-center\" style=\"text-align: center;\"><span lang=\"DE\">EIN UNVERGESSLICHER URLAUB <\/span><span lang=\"DE\">IM HERZEN DES GADERTALS<\/span><\/h3>\n<p class=\"align-justify\">Das Hotel Centrale wurde 1950 erbaut und danach mehrmals erneuert und modernisiert von unserer Familie, die sich um seine lieben G\u00e4ste bem\u00fcht. Nicht nur die vielen Stammg\u00e4ste sch\u00e4tzen die Gastfreundlichkeit und H\u00f6flichkeit in unserem gepflegten Familienhotel. Wir w\u00fcrden uns freuen Sie in unserem Hause, das von den herrlichen und sagenumwobenen Dolomitengipfeln umrahmt ist, Willkommen zu heissen.<\/p>\n<p style=\"text-align: center;\">Mit den besten W\u00fcnschen<\/p>\n<p style=\"text-align: right;\"><em>Familie Pescosta-Ferrari<\/em><\/p>\n<\/div><\/div><\/div><div class=\"fusion-clearfix\"><\/div><\/div><\/div><div class=\"fusion-layout-column fusion_builder_column fusion-builder-column-3 fusion_builder_column_1_4 1_4 fusion-one-fourth fusion-column-last\" style=\"--awb-bg-size:cover;width:25%;width:calc(25% - ( ( 4% + 4% ) * 0.25 ) );\"><div class=\"fusion-column-wrapper fusion-column-has-shadow fusion-flex-column-wrapper-legacy\"><div class=\"fusion-column-content-centered\"><div class=\"fusion-column-content\"><div class=\"fusion-text fusion-text-3\" style=\"--awb-text-transform:none;\"><h3 style=\"text-align: center;\"><a href=\"https:\/\/www.centralehotel.com\/de\/preise\">ANGEBOTE<\/a><\/h3>\n<\/div><div class=\"fusion-sep-clear\"><\/div><div class=\"fusion-separator fusion-full-width-sep\" style=\"margin-left: auto;margin-right: auto;width:100%;\"><div class=\"fusion-separator-border sep-shadow\" style=\"--awb-height:20px;--awb-amount:20px;background:radial-gradient(ellipse at 50% -50% , #e0dede 0px, rgba(255, 255, 255, 0) 80%) repeat scroll 0 0 rgba(0, 0, 0, 0);background:-webkit-radial-gradient(ellipse at 50% -50% , #e0dede 0px, rgba(255, 255, 255, 0) 80%) repeat scroll 0 0 rgba(0, 0, 0, 0);background:-moz-radial-gradient(ellipse at 50% -50% , #e0dede 0px, rgba(255, 255, 255, 0) 80%) repeat scroll 0 0 rgba(0, 0, 0, 0);background:-o-radial-gradient(ellipse at 50% -50% , #e0dede 0px, rgba(255, 255, 255, 0) 80%) repeat scroll 0 0 rgba(0, 0, 0, 0);\"><\/div><\/div><div class=\"fusion-sep-clear\"><\/div><div class=\"fusion-text fusion-text-4\" style=\"--awb-text-transform:none;\"><p style=\"text-align: center;\"><a href=\"https:\/\/www.centralehotel.com\/prezzi\"><strong>&#8222;Dolomiti Superpremi\u00e8re&#8220;<\/strong><\/a><br \/>\n<strong><a href=\"https:\/\/www.centralehotel.com\/prezzi\"><img decoding=\"async\" class=\"alignnone wp-image-1577\" src=\"https:\/\/www.centralehotel.com\/wp-content\/uploads\/2025\/10\/Dolomiti-Super-Premiere.jpg\" alt=\"\" width=\"39\" height=\"39\" data-wp-editing=\"1\" srcset=\"https:\/\/www.centralehotel.com\/wp-content\/uploads\/2025\/10\/Dolomiti-Super-Premiere-66x66.jpg 66w, https:\/\/www.centralehotel.com\/wp-content\/uploads\/2025\/10\/Dolomiti-Super-Premiere-150x150.jpg 150w, https:\/\/www.centralehotel.com\/wp-content\/uploads\/2025\/10\/Dolomiti-Super-Premiere-200x200.jpg 200w, https:\/\/www.centralehotel.com\/wp-content\/uploads\/2025\/10\/Dolomiti-Super-Premiere.jpg 250w\" sizes=\"(max-width: 39px) 100vw, 39px\" \/><\/a><br \/>\n<a href=\"https:\/\/www.centralehotel.com\/prezzi\"><span style=\"color: #000000;\">bis 20.12.2025<\/span><\/a><\/strong><\/p>\n<\/div><div class=\"fusion-text fusion-text-5\" style=\"--awb-text-transform:none;\"><p style=\"text-align: center;\"><a href=\"https:\/\/www.centralehotel.com\/prezzi\"><strong>&#8222;Dolomiti Spring Days L&#8220;<\/strong><\/a><br \/>\n<strong><a href=\"https:\/\/www.centralehotel.com\/prezzi\"><img decoding=\"async\" class=\"alignnone wp-image-1364\" src=\"https:\/\/www.centralehotel.com\/wp-content\/uploads\/2023\/10\/Dolomiti-Super-Sun.jpg\" alt=\"\" width=\"39\" height=\"39\" srcset=\"https:\/\/www.centralehotel.com\/wp-content\/uploads\/2023\/10\/Dolomiti-Super-Sun-66x66.jpg 66w, https:\/\/www.centralehotel.com\/wp-content\/uploads\/2023\/10\/Dolomiti-Super-Sun-150x150.jpg 150w, https:\/\/www.centralehotel.com\/wp-content\/uploads\/2023\/10\/Dolomiti-Super-Sun-200x200.jpg 200w, https:\/\/www.centralehotel.com\/wp-content\/uploads\/2023\/10\/Dolomiti-Super-Sun.jpg 250w\" sizes=\"(max-width: 39px) 100vw, 39px\" \/><\/a><br \/>\n<a href=\"https:\/\/www.centralehotel.com\/prezzi\"><span style=\"color: #000000;\">vom 15.03 bis 21.03.2026<\/span><\/a><\/strong><\/p>\n<p style=\"text-align: center;\"><a href=\"https:\/\/www.centralehotel.com\/prezzi\"><strong>&#8222;Dolomiti Spring Days S&#8220;<\/strong><\/a><br \/>\n<strong><a href=\"https:\/\/www.centralehotel.com\/prezzi\"><img decoding=\"async\" class=\"alignnone wp-image-1364\" src=\"https:\/\/www.centralehotel.com\/wp-content\/uploads\/2023\/10\/Dolomiti-Super-Sun.jpg\" alt=\"\" width=\"39\" height=\"39\" srcset=\"https:\/\/www.centralehotel.com\/wp-content\/uploads\/2023\/10\/Dolomiti-Super-Sun-66x66.jpg 66w, https:\/\/www.centralehotel.com\/wp-content\/uploads\/2023\/10\/Dolomiti-Super-Sun-150x150.jpg 150w, https:\/\/www.centralehotel.com\/wp-content\/uploads\/2023\/10\/Dolomiti-Super-Sun-200x200.jpg 200w, https:\/\/www.centralehotel.com\/wp-content\/uploads\/2023\/10\/Dolomiti-Super-Sun.jpg 250w\" sizes=\"(max-width: 39px) 100vw, 39px\" \/><\/a><br \/>\n<a href=\"https:\/\/www.centralehotel.com\/prezzi\"><span style=\"color: #000000;\">vom 21.03 bis 06.04.2026<\/span><\/a><\/strong><\/p>\n<\/div><div class=\"fusion-text fusion-text-6\" style=\"--awb-text-transform:none;\"><\/div><div class=\"fusion-sep-clear\"><\/div><div class=\"fusion-separator fusion-full-width-sep\" style=\"margin-left: auto;margin-right: auto;width:100%;\"><div class=\"fusion-separator-border sep-shadow\" style=\"--awb-height:20px;--awb-amount:20px;background:radial-gradient(ellipse at 50% -50% , #e0dede 0px, rgba(255, 255, 255, 0) 80%) repeat scroll 0 0 rgba(0, 0, 0, 0);background:-webkit-radial-gradient(ellipse at 50% -50% , #e0dede 0px, rgba(255, 255, 255, 0) 80%) repeat scroll 0 0 rgba(0, 0, 0, 0);background:-moz-radial-gradient(ellipse at 50% -50% , #e0dede 0px, rgba(255, 255, 255, 0) 80%) repeat scroll 0 0 rgba(0, 0, 0, 0);background:-o-radial-gradient(ellipse at 50% -50% , #e0dede 0px, rgba(255, 255, 255, 0) 80%) repeat scroll 0 0 rgba(0, 0, 0, 0);\"><\/div><\/div><div class=\"fusion-sep-clear\"><\/div><\/div><\/div><div class=\"fusion-clearfix\"><\/div><\/div><\/div><div class=\"fusion-layout-column fusion_builder_column fusion-builder-column-4 fusion_builder_column_1_2 1_2 fusion-one-half fusion-column-first\" style=\"--awb-bg-size:cover;width:50%;width:calc(50% - ( ( 4% ) * 0.5 ) );margin-right: 4%;\"><div class=\"fusion-column-wrapper fusion-column-has-shadow fusion-flex-column-wrapper-legacy\"><div class=\"fusion-column-content-centered\"><div class=\"fusion-column-content\"><div class=\"fusion-image-element fusion-image-align-center in-legacy-container\" style=\"text-align:center;--awb-caption-title-font-family:var(--h2_typography-font-family);--awb-caption-title-font-weight:var(--h2_typography-font-weight);--awb-caption-title-font-style:var(--h2_typography-font-style);--awb-caption-title-size:var(--h2_typography-font-size);--awb-caption-title-transform:var(--h2_typography-text-transform);--awb-caption-title-line-height:var(--h2_typography-line-height);--awb-caption-title-letter-spacing:var(--h2_typography-letter-spacing);\"><div class=\"imageframe-align-center\"><span class=\" fusion-imageframe imageframe-none imageframe-2 hover-type-zoomin fusion-animated\" data-animationType=\"fadeInDown\" data-animationDuration=\"0.3\" data-animationOffset=\"top-into-view\"><img decoding=\"async\" width=\"1920\" height=\"1280\" title=\"Colfosco-01-1\" src=\"http:\/\/www.centralehotel.com\/wp-content\/uploads\/2019\/06\/Colfosco-01-1.jpg\" alt class=\"img-responsive wp-image-138\" srcset=\"https:\/\/www.centralehotel.com\/wp-content\/uploads\/2019\/06\/Colfosco-01-1-200x133.jpg 200w, https:\/\/www.centralehotel.com\/wp-content\/uploads\/2019\/06\/Colfosco-01-1-400x267.jpg 400w, https:\/\/www.centralehotel.com\/wp-content\/uploads\/2019\/06\/Colfosco-01-1-600x400.jpg 600w, https:\/\/www.centralehotel.com\/wp-content\/uploads\/2019\/06\/Colfosco-01-1-800x533.jpg 800w, https:\/\/www.centralehotel.com\/wp-content\/uploads\/2019\/06\/Colfosco-01-1-1200x800.jpg 1200w, https:\/\/www.centralehotel.com\/wp-content\/uploads\/2019\/06\/Colfosco-01-1.jpg 1920w\" sizes=\"(max-width: 800px) 100vw, 800px\" \/><\/span><\/div><\/div><\/div><\/div><div class=\"fusion-clearfix\"><\/div><\/div><\/div><div class=\"fusion-layout-column fusion_builder_column fusion-builder-column-5 fusion_builder_column_1_2 1_2 fusion-one-half fusion-column-last\" style=\"--awb-bg-size:cover;width:50%;width:calc(50% - ( ( 4% ) * 0.5 ) );\"><div class=\"fusion-column-wrapper fusion-column-has-shadow fusion-flex-column-wrapper-legacy\"><div class=\"fusion-column-content-centered\"><div class=\"fusion-column-content\"><div class=\"fusion-image-element fusion-image-align-center in-legacy-container\" style=\"text-align:center;--awb-caption-title-font-family:var(--h2_typography-font-family);--awb-caption-title-font-weight:var(--h2_typography-font-weight);--awb-caption-title-font-style:var(--h2_typography-font-style);--awb-caption-title-size:var(--h2_typography-font-size);--awb-caption-title-transform:var(--h2_typography-text-transform);--awb-caption-title-line-height:var(--h2_typography-line-height);--awb-caption-title-letter-spacing:var(--h2_typography-letter-spacing);\"><div class=\"imageframe-align-center\"><span class=\" fusion-imageframe imageframe-none imageframe-3 hover-type-zoomin fusion-animated\" data-animationType=\"fadeInDown\" data-animationDuration=\"0.3\" data-animationOffset=\"top-into-view\"><img decoding=\"async\" width=\"1024\" height=\"683\" title=\"p-Immagine-Lifte-1\" src=\"http:\/\/www.centralehotel.com\/wp-content\/uploads\/2019\/06\/p-Immagine-Lifte-1-e1563177638114-1024x683.jpg\" alt class=\"img-responsive wp-image-136\" srcset=\"https:\/\/www.centralehotel.com\/wp-content\/uploads\/2019\/06\/p-Immagine-Lifte-1-e1563177638114-200x133.jpg 200w, https:\/\/www.centralehotel.com\/wp-content\/uploads\/2019\/06\/p-Immagine-Lifte-1-e1563177638114-400x267.jpg 400w, https:\/\/www.centralehotel.com\/wp-content\/uploads\/2019\/06\/p-Immagine-Lifte-1-e1563177638114-600x400.jpg 600w, https:\/\/www.centralehotel.com\/wp-content\/uploads\/2019\/06\/p-Immagine-Lifte-1-e1563177638114-800x534.jpg 800w, https:\/\/www.centralehotel.com\/wp-content\/uploads\/2019\/06\/p-Immagine-Lifte-1-e1563177638114-1200x801.jpg 1200w, https:\/\/www.centralehotel.com\/wp-content\/uploads\/2019\/06\/p-Immagine-Lifte-1-e1563177638114.jpg 1920w\" sizes=\"(max-width: 800px) 100vw, 1024px\" \/><\/span><\/div><\/div><\/div><\/div><div class=\"fusion-clearfix\"><\/div><\/div><\/div><\/div><\/div><\/p>\n","protected":false},"excerpt":{"rendered":"","protected":false},"author":1,"featured_media":0,"parent":0,"menu_order":0,"comment_status":"closed","ping_status":"closed","template":"","meta":{"footnotes":""},"_links":{"self":[{"href":"https:\/\/www.centralehotel.com\/de\/wp-json\/wp\/v2\/pages\/318"}],"collection":[{"href":"https:\/\/www.centralehotel.com\/de\/wp-json\/wp\/v2\/pages"}],"about":[{"href":"https:\/\/www.centralehotel.com\/de\/wp-json\/wp\/v2\/types\/page"}],"author":[{"embeddable":true,"href":"https:\/\/www.centralehotel.com\/de\/wp-json\/wp\/v2\/users\/1"}],"replies":[{"embeddable":true,"href":"https:\/\/www.centralehotel.com\/de\/wp-json\/wp\/v2\/comments?post=318"}],"version-history":[{"count":30,"href":"https:\/\/www.centralehotel.com\/de\/wp-json\/wp\/v2\/pages\/318\/revisions"}],"predecessor-version":[{"id":1595,"href":"https:\/\/www.centralehotel.com\/de\/wp-json\/wp\/v2\/pages\/318\/revisions\/1595"}],"wp:attachment":[{"href":"https:\/\/www.centralehotel.com\/de\/wp-json\/wp\/v2\/media?parent=318"}],"curies":[{"name":"wp","href":"https:\/\/api.w.org\/{rel}","templated":true}]}}