{"id":314,"date":"2019-07-20T09:32:14","date_gmt":"2019-07-20T07:32:14","guid":{"rendered":"http:\/\/www.centralehotel.com\/?page_id=314"},"modified":"2019-07-22T09:59:02","modified_gmt":"2019-07-22T07:59:02","slug":"ambiente","status":"publish","type":"page","link":"https:\/\/www.centralehotel.com\/de\/ambiente","title":{"rendered":"Ambiente"},"content":{"rendered":"<div class=\"fusion-fullwidth fullwidth-box fusion-builder-row-1 nonhundred-percent-fullwidth non-hundred-percent-height-scrolling\" style=\"--awb-border-radius-top-left:0px;--awb-border-radius-top-right:0px;--awb-border-radius-bottom-right:0px;--awb-border-radius-bottom-left:0px;--awb-flex-wrap:wrap;\" ><div class=\"fusion-builder-row fusion-row\"><div class=\"fusion-layout-column fusion_builder_column fusion-builder-column-0 fusion_builder_column_1_1 1_1 fusion-one-full fusion-column-first fusion-column-last\" style=\"--awb-bg-size:cover;\"><div class=\"fusion-column-wrapper fusion-column-has-shadow fusion-flex-column-wrapper-legacy\"><div class=\"fusion-text fusion-text-1\"><h3>EIN GEF\u00dcHL WIE ZUHAUSE<\/h3>\n<p>Das Hotel Centrale und die atemberaubende Landschaft, in der es sich befindet, sind das ideale Ambiente, um einen angenehmen und entspannten Urlaub zwischen ladinischer Kultur und Tradition im Gadertal\u00a0zu verbringen.<\/p>\n<h3>KAMINZIMMER \u2013 AUFENTHALTSRAUM<\/h3>\n<p>In unseren gem\u00fctlichen R\u00e4umen im behaglichen Tiroler Stil, k\u00f6nnen Sie fr\u00f6hliche Momente in feiner Gesellschaft verbringen, neue Freundschaften schliessen, sich in spannenden Lekt\u00fcren vertiefen oder ins Internet surfen&#8230;..<\/p>\n<\/div><div class=\"fusion-clearfix\"><\/div><\/div><\/div><\/div><\/div>\n","protected":false},"excerpt":{"rendered":"","protected":false},"author":1,"featured_media":0,"parent":0,"menu_order":0,"comment_status":"closed","ping_status":"closed","template":"","meta":{"footnotes":""},"_links":{"self":[{"href":"https:\/\/www.centralehotel.com\/de\/wp-json\/wp\/v2\/pages\/314"}],"collection":[{"href":"https:\/\/www.centralehotel.com\/de\/wp-json\/wp\/v2\/pages"}],"about":[{"href":"https:\/\/www.centralehotel.com\/de\/wp-json\/wp\/v2\/types\/page"}],"author":[{"embeddable":true,"href":"https:\/\/www.centralehotel.com\/de\/wp-json\/wp\/v2\/users\/1"}],"replies":[{"embeddable":true,"href":"https:\/\/www.centralehotel.com\/de\/wp-json\/wp\/v2\/comments?post=314"}],"version-history":[{"count":4,"href":"https:\/\/www.centralehotel.com\/de\/wp-json\/wp\/v2\/pages\/314\/revisions"}],"predecessor-version":[{"id":446,"href":"https:\/\/www.centralehotel.com\/de\/wp-json\/wp\/v2\/pages\/314\/revisions\/446"}],"wp:attachment":[{"href":"https:\/\/www.centralehotel.com\/de\/wp-json\/wp\/v2\/media?parent=314"}],"curies":[{"name":"wp","href":"https:\/\/api.w.org\/{rel}","templated":true}]}}